{"id":2423,"date":"2025-01-27T12:19:32","date_gmt":"2025-01-27T12:19:32","guid":{"rendered":"https:\/\/teste.oporto-specialrentalbikes.pt\/?page_id=2423"},"modified":"2025-03-11T10:13:30","modified_gmt":"2025-03-11T10:13:30","slug":"douro","status":"publish","type":"page","link":"https:\/\/teste.oporto-specialrentalbikes.pt\/en\/douro\/","title":{"rendered":"Douro"},"content":{"rendered":"<div data-elementor-type=\"wp-page\" data-elementor-id=\"2423\" class=\"elementor elementor-2423\">\n\t\t\t\t<div class=\"elementor-element elementor-element-08e89d6 e-flex e-con-boxed e-con e-parent\" data-id=\"08e89d6\" data-element_type=\"container\" data-e-type=\"container\">\n\t\t\t\t\t<div class=\"e-con-inner\">\n\t\t<div class=\"elementor-element elementor-element-ae749dd e-con-full e-flex e-con e-child\" data-id=\"ae749dd\" data-element_type=\"container\" data-e-type=\"container\">\n\t\t\t\t<div class=\"elementor-element elementor-element-43f001c elementor-widget__width-initial elementor-widget elementor-widget-heading\" data-id=\"43f001c\" data-element_type=\"widget\" data-e-type=\"widget\" data-widget_type=\"heading.default\">\n\t\t\t\t<div class=\"elementor-widget-container\">\n\t\t\t\t\t<h2 class=\"elementor-heading-title elementor-size-default\">Douro<\/h2>\t\t\t\t<\/div>\n\t\t\t\t<\/div>\n\t\t\t\t<\/div>\n\t\t<div class=\"elementor-element elementor-element-49f53f4 e-con-full e-flex e-con e-child\" data-id=\"49f53f4\" data-element_type=\"container\" data-e-type=\"container\">\n\t\t\t\t<div class=\"elementor-element elementor-element-a0dcbf5 elementor-align-center elementor-widget elementor-widget-button\" data-id=\"a0dcbf5\" data-element_type=\"widget\" data-e-type=\"widget\" data-widget_type=\"button.default\">\n\t\t\t\t<div class=\"elementor-widget-container\">\n\t\t\t\t\t\t\t\t\t<div class=\"elementor-button-wrapper\">\n\t\t\t\t\t<a class=\"elementor-button elementor-button-link elementor-size-sm\" href=\"\/en\/product\/douro\/\">\n\t\t\t\t\t\t<span class=\"elementor-button-content-wrapper\">\n\t\t\t\t\t\t\t\t\t<span class=\"elementor-button-text\">Book Now<\/span>\n\t\t\t\t\t<\/span>\n\t\t\t\t\t<\/a>\n\t\t\t\t<\/div>\n\t\t\t\t\t\t\t\t<\/div>\n\t\t\t\t<\/div>\n\t\t\t\t<\/div>\n\t\t\t\t\t<\/div>\n\t\t\t\t<\/div>\n\t\t<div class=\"elementor-element elementor-element-00c8203 e-flex e-con-boxed e-con e-parent\" data-id=\"00c8203\" data-element_type=\"container\" data-e-type=\"container\">\n\t\t\t\t\t<div class=\"e-con-inner\">\n\t\t\t\t<div class=\"elementor-element elementor-element-81f657d elementor-widget-divider--view-line elementor-widget elementor-widget-divider\" data-id=\"81f657d\" data-element_type=\"widget\" data-e-type=\"widget\" data-widget_type=\"divider.default\">\n\t\t\t\t<div class=\"elementor-widget-container\">\n\t\t\t\t\t\t\t<div class=\"elementor-divider\">\n\t\t\t<span class=\"elementor-divider-separator\">\n\t\t\t\t\t\t<\/span>\n\t\t<\/div>\n\t\t\t\t\t\t<\/div>\n\t\t\t\t<\/div>\n\t\t\t\t\t<\/div>\n\t\t\t\t<\/div>\n\t\t<div class=\"elementor-element elementor-element-7e01e9e e-flex e-con-boxed e-con e-parent\" data-id=\"7e01e9e\" data-element_type=\"container\" data-e-type=\"container\">\n\t\t\t\t\t<div class=\"e-con-inner\">\n\t\t\t\t<div class=\"elementor-element elementor-element-49a67f2 elementor-widget elementor-widget-video\" data-id=\"49a67f2\" data-element_type=\"widget\" data-e-type=\"widget\" data-settings=\"{&quot;youtube_url&quot;:&quot;https:\\\/\\\/www.youtube.com\\\/watch?v=xVuXKKMSHoA&quot;,&quot;video_type&quot;:&quot;youtube&quot;,&quot;controls&quot;:&quot;yes&quot;}\" data-widget_type=\"video.default\">\n\t\t\t\t<div class=\"elementor-widget-container\">\n\t\t\t\t\t\t\t<div class=\"elementor-wrapper elementor-open-inline\">\n\t\t\t<div class=\"elementor-video\"><\/div>\t\t<\/div>\n\t\t\t\t\t\t<\/div>\n\t\t\t\t<\/div>\n\t\t\t\t\t<\/div>\n\t\t\t\t<\/div>\n\t\t<div class=\"elementor-element elementor-element-69e4fa7 e-flex e-con-boxed e-con e-parent\" data-id=\"69e4fa7\" data-element_type=\"container\" data-e-type=\"container\">\n\t\t\t\t\t<div class=\"e-con-inner\">\n\t\t<div class=\"elementor-element elementor-element-fa53cf9 e-con-full e-flex e-con e-child\" data-id=\"fa53cf9\" data-element_type=\"container\" data-e-type=\"container\">\n\t\t\t\t<div class=\"elementor-element elementor-element-e9eba4f elementor-align-center elementor-widget elementor-widget-button\" data-id=\"e9eba4f\" data-element_type=\"widget\" data-e-type=\"widget\" data-widget_type=\"button.default\">\n\t\t\t\t<div class=\"elementor-widget-container\">\n\t\t\t\t\t\t\t\t\t<div class=\"elementor-button-wrapper\">\n\t\t\t\t\t<a class=\"elementor-button elementor-button-link elementor-size-sm\" href=\"\/en\/product\/douro\/\">\n\t\t\t\t\t\t<span class=\"elementor-button-content-wrapper\">\n\t\t\t\t\t\t\t\t\t<span class=\"elementor-button-text\">Book Now<\/span>\n\t\t\t\t\t<\/span>\n\t\t\t\t\t<\/a>\n\t\t\t\t<\/div>\n\t\t\t\t\t\t\t\t<\/div>\n\t\t\t\t<\/div>\n\t\t\t\t<\/div>\n\t\t<div class=\"elementor-element elementor-element-3451084 e-con-full e-flex e-con e-child\" data-id=\"3451084\" data-element_type=\"container\" data-e-type=\"container\">\n\t\t\t\t<div class=\"elementor-element elementor-element-13ad0b9 elementor-widget elementor-widget-text-editor\" data-id=\"13ad0b9\" data-element_type=\"widget\" data-e-type=\"widget\" data-widget_type=\"text-editor.default\">\n\t\t\t\t<div class=\"elementor-widget-container\">\n\t\t\t\t\t\t\t\t\t<p>The roots of Douro region are already very deep, extending to the primitive people. Always on the production of wine, the history of the Douro region allows us to understand the origins of a drink so appealing and unique landscape that surrounds it. The existence of grapes on site, dating back 4000 years (century. XX b.c.), where many of the existing forts in the region, as the castro of Cidadelhe in Mes\u00e3o Frio, date from this period.<\/p>\t\t\t\t\t\t\t\t<\/div>\n\t\t\t\t<\/div>\n\t\t\t\t<\/div>\n\t\t\t\t\t<\/div>\n\t\t\t\t<\/div>\n\t\t\t\t<\/div>","protected":false},"excerpt":{"rendered":"<p>Douro Reservar Reservar As ra\u00edzes da regi\u00e3o do Douro s\u00e3o j\u00e1 muito profundas, estendendo-se at\u00e9 aos povos primitivos. Sempre ligada \u00e0 produ\u00e7\u00e3o do vinho, a hist\u00f3ria da regi\u00e3o do Douro permite perceber as origens de uma bebida t\u00e3o apetec\u00edvel e da paisagem \u00fanica que a rodeia. A exist\u00eancia de uvas no local, remonta h\u00e1 4 [&hellip;]<\/p>\n","protected":false},"author":1,"featured_media":0,"parent":0,"menu_order":0,"comment_status":"closed","ping_status":"closed","template":"elementor_header_footer","meta":{"zakra_sidebar_layout":"customizer","zakra_remove_content_margin":false,"zakra_sidebar":"customizer","zakra_transparent_header":"customizer","zakra_logo":0,"zakra_main_header_style":"default","zakra_menu_item_color":"","zakra_menu_item_hover_color":"","zakra_menu_item_active_color":"","zakra_menu_active_style":"","zakra_page_header":true,"footnotes":""},"class_list":["post-2423","page","type-page","status-publish","hentry"],"_links":{"self":[{"href":"https:\/\/teste.oporto-specialrentalbikes.pt\/en\/wp-json\/wp\/v2\/pages\/2423","targetHints":{"allow":["GET"]}}],"collection":[{"href":"https:\/\/teste.oporto-specialrentalbikes.pt\/en\/wp-json\/wp\/v2\/pages"}],"about":[{"href":"https:\/\/teste.oporto-specialrentalbikes.pt\/en\/wp-json\/wp\/v2\/types\/page"}],"author":[{"embeddable":true,"href":"https:\/\/teste.oporto-specialrentalbikes.pt\/en\/wp-json\/wp\/v2\/users\/1"}],"replies":[{"embeddable":true,"href":"https:\/\/teste.oporto-specialrentalbikes.pt\/en\/wp-json\/wp\/v2\/comments?post=2423"}],"version-history":[{"count":25,"href":"https:\/\/teste.oporto-specialrentalbikes.pt\/en\/wp-json\/wp\/v2\/pages\/2423\/revisions"}],"predecessor-version":[{"id":3340,"href":"https:\/\/teste.oporto-specialrentalbikes.pt\/en\/wp-json\/wp\/v2\/pages\/2423\/revisions\/3340"}],"wp:attachment":[{"href":"https:\/\/teste.oporto-specialrentalbikes.pt\/en\/wp-json\/wp\/v2\/media?parent=2423"}],"curies":[{"name":"wp","href":"https:\/\/api.w.org\/{rel}","templated":true}]}}