{"id":2443,"date":"2025-01-27T12:57:24","date_gmt":"2025-01-27T12:57:24","guid":{"rendered":"https:\/\/teste.oporto-specialrentalbikes.pt\/?page_id=2443"},"modified":"2025-01-27T13:17:18","modified_gmt":"2025-01-27T13:17:18","slug":"douro-granfondo","status":"publish","type":"page","link":"https:\/\/teste.oporto-specialrentalbikes.pt\/en\/douro-granfondo\/","title":{"rendered":"Douro Granfondo"},"content":{"rendered":"<div data-elementor-type=\"wp-page\" data-elementor-id=\"2443\" class=\"elementor elementor-2443\">\n\t\t\t\t<div class=\"elementor-element elementor-element-e9eca47 e-flex e-con-boxed e-con e-parent\" data-id=\"e9eca47\" data-element_type=\"container\" data-e-type=\"container\">\n\t\t\t\t\t<div class=\"e-con-inner\">\n\t\t\t\t\t<\/div>\n\t\t\t\t<\/div>\n\t\t<div class=\"elementor-element elementor-element-f4d7d2e e-flex e-con-boxed e-con e-parent\" data-id=\"f4d7d2e\" data-element_type=\"container\" data-e-type=\"container\">\n\t\t\t\t\t<div class=\"e-con-inner\">\n\t\t<div class=\"elementor-element elementor-element-9a7fc2c e-con-full e-flex e-con e-child\" data-id=\"9a7fc2c\" data-element_type=\"container\" data-e-type=\"container\">\n\t\t<div class=\"elementor-element elementor-element-ad2b507 e-con-full e-flex e-con e-child\" data-id=\"ad2b507\" data-element_type=\"container\" data-e-type=\"container\">\n\t\t\t\t<div class=\"elementor-element elementor-element-024a5a6 elementor-widget__width-initial elementor-widget elementor-widget-heading\" data-id=\"024a5a6\" data-element_type=\"widget\" data-e-type=\"widget\" data-widget_type=\"heading.default\">\n\t\t\t\t<div class=\"elementor-widget-container\">\n\t\t\t\t\t<h2 class=\"elementor-heading-title elementor-size-default\">Douro Granfondo<\/h2>\t\t\t\t<\/div>\n\t\t\t\t<\/div>\n\t\t\t\t<\/div>\n\t\t<div class=\"elementor-element elementor-element-3523ab3 e-con-full e-flex e-con e-child\" data-id=\"3523ab3\" data-element_type=\"container\" data-e-type=\"container\">\n\t\t\t\t<div class=\"elementor-element elementor-element-f493038 elementor-align-center elementor-widget elementor-widget-button\" data-id=\"f493038\" data-element_type=\"widget\" data-e-type=\"widget\" data-widget_type=\"button.default\">\n\t\t\t\t<div class=\"elementor-widget-container\">\n\t\t\t\t\t\t\t\t\t<div class=\"elementor-button-wrapper\">\n\t\t\t\t\t<a class=\"elementor-button elementor-button-link elementor-size-sm\" href=\"\/en\/product\/douro-granfondo\/\">\n\t\t\t\t\t\t<span class=\"elementor-button-content-wrapper\">\n\t\t\t\t\t\t\t\t\t<span class=\"elementor-button-text\">Book Now<\/span>\n\t\t\t\t\t<\/span>\n\t\t\t\t\t<\/a>\n\t\t\t\t<\/div>\n\t\t\t\t\t\t\t\t<\/div>\n\t\t\t\t<\/div>\n\t\t\t\t<\/div>\n\t\t\t\t<\/div>\n\t\t\t\t\t<\/div>\n\t\t\t\t<\/div>\n\t\t<div class=\"elementor-element elementor-element-011f2a3 e-flex e-con-boxed e-con e-parent\" data-id=\"011f2a3\" data-element_type=\"container\" data-e-type=\"container\">\n\t\t\t\t\t<div class=\"e-con-inner\">\n\t\t\t\t<div class=\"elementor-element elementor-element-a5dde49 elementor-widget-divider--view-line elementor-widget elementor-widget-divider\" data-id=\"a5dde49\" data-element_type=\"widget\" data-e-type=\"widget\" data-widget_type=\"divider.default\">\n\t\t\t\t<div class=\"elementor-widget-container\">\n\t\t\t\t\t\t\t<div class=\"elementor-divider\">\n\t\t\t<span class=\"elementor-divider-separator\">\n\t\t\t\t\t\t<\/span>\n\t\t<\/div>\n\t\t\t\t\t\t<\/div>\n\t\t\t\t<\/div>\n\t\t\t\t\t<\/div>\n\t\t\t\t<\/div>\n\t\t<div class=\"elementor-element elementor-element-88b7fdd e-flex e-con-boxed e-con e-parent\" data-id=\"88b7fdd\" data-element_type=\"container\" data-e-type=\"container\">\n\t\t\t\t\t<div class=\"e-con-inner\">\n\t\t\t\t<div class=\"elementor-element elementor-element-e10007d elementor-widget elementor-widget-video\" data-id=\"e10007d\" data-element_type=\"widget\" data-e-type=\"widget\" data-settings=\"{&quot;youtube_url&quot;:&quot;https:\\\/\\\/www.youtube.com\\\/watch?v=Sui2_cNcZdo&amp;t=3s&quot;,&quot;video_type&quot;:&quot;youtube&quot;,&quot;controls&quot;:&quot;yes&quot;}\" data-widget_type=\"video.default\">\n\t\t\t\t<div class=\"elementor-widget-container\">\n\t\t\t\t\t\t\t<div class=\"elementor-wrapper elementor-open-inline\">\n\t\t\t<div class=\"elementor-video\"><\/div>\t\t<\/div>\n\t\t\t\t\t\t<\/div>\n\t\t\t\t<\/div>\n\t\t\t\t\t<\/div>\n\t\t\t\t<\/div>\n\t\t<div class=\"elementor-element elementor-element-963bd96 e-flex e-con-boxed e-con e-parent\" data-id=\"963bd96\" data-element_type=\"container\" data-e-type=\"container\">\n\t\t\t\t\t<div class=\"e-con-inner\">\n\t\t<div class=\"elementor-element elementor-element-76c631d e-con-full e-flex e-con e-child\" data-id=\"76c631d\" data-element_type=\"container\" data-e-type=\"container\">\n\t\t\t\t<div class=\"elementor-element elementor-element-eefe3a1 elementor-align-center elementor-widget elementor-widget-button\" data-id=\"eefe3a1\" data-element_type=\"widget\" data-e-type=\"widget\" data-widget_type=\"button.default\">\n\t\t\t\t<div class=\"elementor-widget-container\">\n\t\t\t\t\t\t\t\t\t<div class=\"elementor-button-wrapper\">\n\t\t\t\t\t<a class=\"elementor-button elementor-button-link elementor-size-sm\" href=\"\/en\/product\/douro-granfondo\/\">\n\t\t\t\t\t\t<span class=\"elementor-button-content-wrapper\">\n\t\t\t\t\t\t\t\t\t<span class=\"elementor-button-text\">Book Now<\/span>\n\t\t\t\t\t<\/span>\n\t\t\t\t\t<\/a>\n\t\t\t\t<\/div>\n\t\t\t\t\t\t\t\t<\/div>\n\t\t\t\t<\/div>\n\t\t\t\t<\/div>\n\t\t<div class=\"elementor-element elementor-element-8d9f542 e-con-full e-flex e-con e-child\" data-id=\"8d9f542\" data-element_type=\"container\" data-e-type=\"container\">\n\t\t\t\t<div class=\"elementor-element elementor-element-e530ad0 elementor-widget elementor-widget-text-editor\" data-id=\"e530ad0\" data-element_type=\"widget\" data-e-type=\"widget\" data-widget_type=\"text-editor.default\">\n\t\t\t\t<div class=\"elementor-widget-container\">\n\t\t\t\t\t\t\t\t\t<section id=\"comp-loy8s76n\" class=\"Oqnisf comp-loy8s76n wixui-section\" tabindex=\"-1\" data-block-level-container=\"ClassicSection\"><div class=\"\" data-mesh-id=\"comp-loy8s76ninlineContent\" data-testid=\"inline-content\"><div data-mesh-id=\"comp-loy8s76ninlineContent-gridContainer\" data-testid=\"mesh-container-content\"><div id=\"comp-jxysp7cx\" class=\"HcOXKn SxM0TO QxJLC3 lq2cno YQcXTT comp-jxysp7cx wixui-rich-text\" data-testid=\"richTextElement\"><p class=\"font_8 wixui-rich-text__text\"><span class=\"wixui-rich-text__text\">Enjoy a different stay with us and participate in the  greatest   Bicycle Tourist  proof  in Portugal!<br \/><\/span><span class=\"wixui-rich-text__text\">Choose from 3-5 days and spend a nice mini vacation in our company, in the most beautiful and old world wine region.<br \/><\/span>The Douro Grandfondo is the biggest cycle tourism event in Portugal, with around 2000 cyclists taking part, including some famous faces from the world of cycling.<br \/>It is an emblematic test within one of the world's most beautiful landscapes, highlighted by UNESCO as World Heritage.<br \/>Over lands of port wine, means of mountains, vineyards, villages, palaces and lots of history...<\/p><\/div><\/div><\/div><\/section>\t\t\t\t\t\t\t\t<\/div>\n\t\t\t\t<\/div>\n\t\t\t\t<\/div>\n\t\t\t\t\t<\/div>\n\t\t\t\t<\/div>\n\t\t\t\t<\/div>","protected":false},"excerpt":{"rendered":"<p>Douro Granfondo Reservar Reservar Venha passar uns dias diferentes connosco e participe na maior prova de cicloturismo de Portugal!Escolha entre 3 a 5 dias e passe umas agrad\u00e1veis mini f\u00e9rias na nossa companhia, na mais bela e antiga regi\u00e3o de vinho do mundo.O Douro Grandfondo \u00e9 a maior prova de cicloturismo de Portugal, onde participam [&hellip;]<\/p>\n","protected":false},"author":1,"featured_media":0,"parent":0,"menu_order":0,"comment_status":"closed","ping_status":"closed","template":"elementor_header_footer","meta":{"zakra_sidebar_layout":"customizer","zakra_remove_content_margin":false,"zakra_sidebar":"customizer","zakra_transparent_header":"customizer","zakra_logo":0,"zakra_main_header_style":"default","zakra_menu_item_color":"","zakra_menu_item_hover_color":"","zakra_menu_item_active_color":"","zakra_menu_active_style":"","zakra_page_header":true,"footnotes":""},"class_list":["post-2443","page","type-page","status-publish","hentry"],"_links":{"self":[{"href":"https:\/\/teste.oporto-specialrentalbikes.pt\/en\/wp-json\/wp\/v2\/pages\/2443","targetHints":{"allow":["GET"]}}],"collection":[{"href":"https:\/\/teste.oporto-specialrentalbikes.pt\/en\/wp-json\/wp\/v2\/pages"}],"about":[{"href":"https:\/\/teste.oporto-specialrentalbikes.pt\/en\/wp-json\/wp\/v2\/types\/page"}],"author":[{"embeddable":true,"href":"https:\/\/teste.oporto-specialrentalbikes.pt\/en\/wp-json\/wp\/v2\/users\/1"}],"replies":[{"embeddable":true,"href":"https:\/\/teste.oporto-specialrentalbikes.pt\/en\/wp-json\/wp\/v2\/comments?post=2443"}],"version-history":[{"count":8,"href":"https:\/\/teste.oporto-specialrentalbikes.pt\/en\/wp-json\/wp\/v2\/pages\/2443\/revisions"}],"predecessor-version":[{"id":2473,"href":"https:\/\/teste.oporto-specialrentalbikes.pt\/en\/wp-json\/wp\/v2\/pages\/2443\/revisions\/2473"}],"wp:attachment":[{"href":"https:\/\/teste.oporto-specialrentalbikes.pt\/en\/wp-json\/wp\/v2\/media?parent=2443"}],"curies":[{"name":"wp","href":"https:\/\/api.w.org\/{rel}","templated":true}]}}