{"id":2462,"date":"2025-01-27T13:10:38","date_gmt":"2025-01-27T13:10:38","guid":{"rendered":"https:\/\/teste.oporto-specialrentalbikes.pt\/?page_id=2462"},"modified":"2025-01-27T13:13:03","modified_gmt":"2025-01-27T13:13:03","slug":"santiago","status":"publish","type":"page","link":"https:\/\/teste.oporto-specialrentalbikes.pt\/en\/santiago\/","title":{"rendered":"Santiago"},"content":{"rendered":"<div data-elementor-type=\"wp-page\" data-elementor-id=\"2462\" class=\"elementor elementor-2462\">\n\t\t\t\t<div class=\"elementor-element elementor-element-8681724 e-flex e-con-boxed e-con e-parent\" data-id=\"8681724\" data-element_type=\"container\" data-e-type=\"container\">\n\t\t\t\t\t<div class=\"e-con-inner\">\n\t\t\t\t\t<\/div>\n\t\t\t\t<\/div>\n\t\t<div class=\"elementor-element elementor-element-eb9c9e3 e-flex e-con-boxed e-con e-parent\" data-id=\"eb9c9e3\" data-element_type=\"container\" data-e-type=\"container\">\n\t\t\t\t\t<div class=\"e-con-inner\">\n\t\t<div class=\"elementor-element elementor-element-a8f4c26 e-con-full e-flex e-con e-child\" data-id=\"a8f4c26\" data-element_type=\"container\" data-e-type=\"container\">\n\t\t\t\t<div class=\"elementor-element elementor-element-9a5553b elementor-widget__width-initial elementor-widget elementor-widget-heading\" data-id=\"9a5553b\" data-element_type=\"widget\" data-e-type=\"widget\" data-widget_type=\"heading.default\">\n\t\t\t\t<div class=\"elementor-widget-container\">\n\t\t\t\t\t<h2 class=\"elementor-heading-title elementor-size-default\">Santiago<\/h2>\t\t\t\t<\/div>\n\t\t\t\t<\/div>\n\t\t\t\t<\/div>\n\t\t<div class=\"elementor-element elementor-element-5ef136d e-con-full e-flex e-con e-child\" data-id=\"5ef136d\" data-element_type=\"container\" data-e-type=\"container\">\n\t\t\t\t<div class=\"elementor-element elementor-element-d1a77a2 elementor-align-center elementor-widget elementor-widget-button\" data-id=\"d1a77a2\" data-element_type=\"widget\" data-e-type=\"widget\" data-widget_type=\"button.default\">\n\t\t\t\t<div class=\"elementor-widget-container\">\n\t\t\t\t\t\t\t\t\t<div class=\"elementor-button-wrapper\">\n\t\t\t\t\t<a class=\"elementor-button elementor-button-link elementor-size-sm\" href=\"\/en\/product\/santiago\/\">\n\t\t\t\t\t\t<span class=\"elementor-button-content-wrapper\">\n\t\t\t\t\t\t\t\t\t<span class=\"elementor-button-text\">Book Now<\/span>\n\t\t\t\t\t<\/span>\n\t\t\t\t\t<\/a>\n\t\t\t\t<\/div>\n\t\t\t\t\t\t\t\t<\/div>\n\t\t\t\t<\/div>\n\t\t\t\t<\/div>\n\t\t\t\t\t<\/div>\n\t\t\t\t<\/div>\n\t\t<div class=\"elementor-element elementor-element-cd073d0 e-flex e-con-boxed e-con e-parent\" data-id=\"cd073d0\" data-element_type=\"container\" data-e-type=\"container\">\n\t\t\t\t\t<div class=\"e-con-inner\">\n\t\t\t\t<div class=\"elementor-element elementor-element-d092670 elementor-widget-divider--view-line elementor-widget elementor-widget-divider\" data-id=\"d092670\" data-element_type=\"widget\" data-e-type=\"widget\" data-widget_type=\"divider.default\">\n\t\t\t\t<div class=\"elementor-widget-container\">\n\t\t\t\t\t\t\t<div class=\"elementor-divider\">\n\t\t\t<span class=\"elementor-divider-separator\">\n\t\t\t\t\t\t<\/span>\n\t\t<\/div>\n\t\t\t\t\t\t<\/div>\n\t\t\t\t<\/div>\n\t\t\t\t\t<\/div>\n\t\t\t\t<\/div>\n\t\t<div class=\"elementor-element elementor-element-5c0a7f6 e-flex e-con-boxed e-con e-parent\" data-id=\"5c0a7f6\" data-element_type=\"container\" data-e-type=\"container\">\n\t\t\t\t\t<div class=\"e-con-inner\">\n\t\t<div class=\"elementor-element elementor-element-d5f7596 e-con-full e-flex e-con e-child\" data-id=\"d5f7596\" data-element_type=\"container\" data-e-type=\"container\">\n\t\t\t\t<div class=\"elementor-element elementor-element-449e819 elementor-align-center elementor-widget elementor-widget-button\" data-id=\"449e819\" data-element_type=\"widget\" data-e-type=\"widget\" data-widget_type=\"button.default\">\n\t\t\t\t<div class=\"elementor-widget-container\">\n\t\t\t\t\t\t\t\t\t<div class=\"elementor-button-wrapper\">\n\t\t\t\t\t<a class=\"elementor-button elementor-button-link elementor-size-sm\" href=\"\/en\/product\/santiago\/\">\n\t\t\t\t\t\t<span class=\"elementor-button-content-wrapper\">\n\t\t\t\t\t\t\t\t\t<span class=\"elementor-button-text\">Book Now<\/span>\n\t\t\t\t\t<\/span>\n\t\t\t\t\t<\/a>\n\t\t\t\t<\/div>\n\t\t\t\t\t\t\t\t<\/div>\n\t\t\t\t<\/div>\n\t\t\t\t<\/div>\n\t\t<div class=\"elementor-element elementor-element-b8e2d45 e-con-full e-flex e-con e-child\" data-id=\"b8e2d45\" data-element_type=\"container\" data-e-type=\"container\">\n\t\t\t\t<div class=\"elementor-element elementor-element-c6e8607 elementor-widget elementor-widget-text-editor\" data-id=\"c6e8607\" data-element_type=\"widget\" data-e-type=\"widget\" data-widget_type=\"text-editor.default\">\n\t\t\t\t<div class=\"elementor-widget-container\">\n\t\t\t\t\t\t\t\t\t<p>The Santiago  paths were crossed by the pilgrims who flock to Santiago of Compostela from the ninth century to venerate the relics of the Apostle James the Greater, whose tomb is in Santiago of Compostela Cathedral. This pilgrimage was one of the busiest of medieval Europe. The paths that another time were driven by religious matters, became a spiritual and cultural itinerary for its natural beauty and architectural and culinary cultural wealth. They are currently covered by hundreds of thousands of people every year.<\/p>\t\t\t\t\t\t\t\t<\/div>\n\t\t\t\t<\/div>\n\t\t\t\t<\/div>\n\t\t\t\t\t<\/div>\n\t\t\t\t<\/div>\n\t\t\t\t<\/div>","protected":false},"excerpt":{"rendered":"<p>Santiago Reservar Reservar Os caminhos de Santiago s\u00e3o os percursos percorridos pelos peregrinos que afluem a Santiago de Compostela desde o s\u00e9culo IX para venerar as rel\u00edquias do Ap\u00f3stolo Santiago Maior, cujo sepulcro se encontra na Catedral de Santiago de Compostela. Esta peregrina\u00e7\u00e3o foi uma das mais concorridas da Europa medieval. Os caminhos que outra [&hellip;]<\/p>\n","protected":false},"author":1,"featured_media":0,"parent":0,"menu_order":0,"comment_status":"closed","ping_status":"closed","template":"elementor_header_footer","meta":{"zakra_sidebar_layout":"customizer","zakra_remove_content_margin":false,"zakra_sidebar":"customizer","zakra_transparent_header":"customizer","zakra_logo":0,"zakra_main_header_style":"default","zakra_menu_item_color":"","zakra_menu_item_hover_color":"","zakra_menu_item_active_color":"","zakra_menu_active_style":"","zakra_page_header":true,"footnotes":""},"class_list":["post-2462","page","type-page","status-publish","hentry"],"_links":{"self":[{"href":"https:\/\/teste.oporto-specialrentalbikes.pt\/en\/wp-json\/wp\/v2\/pages\/2462","targetHints":{"allow":["GET"]}}],"collection":[{"href":"https:\/\/teste.oporto-specialrentalbikes.pt\/en\/wp-json\/wp\/v2\/pages"}],"about":[{"href":"https:\/\/teste.oporto-specialrentalbikes.pt\/en\/wp-json\/wp\/v2\/types\/page"}],"author":[{"embeddable":true,"href":"https:\/\/teste.oporto-specialrentalbikes.pt\/en\/wp-json\/wp\/v2\/users\/1"}],"replies":[{"embeddable":true,"href":"https:\/\/teste.oporto-specialrentalbikes.pt\/en\/wp-json\/wp\/v2\/comments?post=2462"}],"version-history":[{"count":4,"href":"https:\/\/teste.oporto-specialrentalbikes.pt\/en\/wp-json\/wp\/v2\/pages\/2462\/revisions"}],"predecessor-version":[{"id":2466,"href":"https:\/\/teste.oporto-specialrentalbikes.pt\/en\/wp-json\/wp\/v2\/pages\/2462\/revisions\/2466"}],"wp:attachment":[{"href":"https:\/\/teste.oporto-specialrentalbikes.pt\/en\/wp-json\/wp\/v2\/media?parent=2462"}],"curies":[{"name":"wp","href":"https:\/\/api.w.org\/{rel}","templated":true}]}}