{"id":2629,"date":"2025-02-09T21:52:57","date_gmt":"2025-02-09T21:52:57","guid":{"rendered":"https:\/\/teste.oporto-specialrentalbikes.pt\/?post_type=product&#038;p=2629"},"modified":"2025-02-13T19:23:48","modified_gmt":"2025-02-13T19:23:48","slug":"trek-tm1","status":"publish","type":"product","link":"https:\/\/teste.oporto-specialrentalbikes.pt\/en\/product\/trek-tm1\/","title":{"rendered":"TREK TM1+"},"content":{"rendered":"<p>The\u00a0<span class=\"wixui-rich-text__text\">TM1+<\/span>\u00a0\u00e9 uma bicicleta el\u00e9trica de trekking vers\u00e1til com geometria de quadro com tubo superior rebaixado para tornar mais f\u00e1cil montar e desmontar. Foi concebida para ser confort\u00e1vel e fi\u00e1vel em todos os tipos de passeios recreativos, desde passeios di\u00e1rios pelos parques nacionais at\u00e9 fugas em f\u00e9rias. O potente motor\u00a0<span class=\"wixui-rich-text__text\">Bosch<\/span>\u00a0que ajuda a manter velocidades at\u00e9 aos 25 km\/h, os pontos de contacto confort\u00e1veis e a transmiss\u00e3o\u00a0<span class=\"wixui-rich-text__text\">Shimano<\/span>\u00a0de 8 velocidades fazem com que seja uma \u00f3tima escolha para tudo, desde os percursos urbanos di\u00e1rias at\u00e9 voltas mais longas aos fins-de-semana.<\/p>","protected":false},"excerpt":{"rendered":"<p>TREK TM1+.<\/p>","protected":false},"featured_media":2838,"comment_status":"open","ping_status":"closed","template":"","meta":{"zakra_sidebar_layout":"customizer","zakra_remove_content_margin":false,"zakra_sidebar":"customizer","zakra_transparent_header":"customizer","zakra_logo":0,"zakra_main_header_style":"default","zakra_menu_item_color":"","zakra_menu_item_hover_color":"","zakra_menu_item_active_color":"","zakra_menu_active_style":"","zakra_page_header":true},"product_brand":[],"product_cat":[70],"product_tag":[],"class_list":{"0":"post-2629","1":"product","2":"type-product","3":"status-publish","4":"has-post-thumbnail","6":"product_cat-eletricas","8":"first","9":"instock","10":"shipping-taxable","11":"purchasable","12":"product-type-variable"},"_links":{"self":[{"href":"https:\/\/teste.oporto-specialrentalbikes.pt\/en\/wp-json\/wp\/v2\/product\/2629","targetHints":{"allow":["GET"]}}],"collection":[{"href":"https:\/\/teste.oporto-specialrentalbikes.pt\/en\/wp-json\/wp\/v2\/product"}],"about":[{"href":"https:\/\/teste.oporto-specialrentalbikes.pt\/en\/wp-json\/wp\/v2\/types\/product"}],"replies":[{"embeddable":true,"href":"https:\/\/teste.oporto-specialrentalbikes.pt\/en\/wp-json\/wp\/v2\/comments?post=2629"}],"wp:featuredmedia":[{"embeddable":true,"href":"https:\/\/teste.oporto-specialrentalbikes.pt\/en\/wp-json\/wp\/v2\/media\/2838"}],"wp:attachment":[{"href":"https:\/\/teste.oporto-specialrentalbikes.pt\/en\/wp-json\/wp\/v2\/media?parent=2629"}],"wp:term":[{"taxonomy":"product_brand","embeddable":true,"href":"https:\/\/teste.oporto-specialrentalbikes.pt\/en\/wp-json\/wp\/v2\/product_brand?post=2629"},{"taxonomy":"product_cat","embeddable":true,"href":"https:\/\/teste.oporto-specialrentalbikes.pt\/en\/wp-json\/wp\/v2\/product_cat?post=2629"},{"taxonomy":"product_tag","embeddable":true,"href":"https:\/\/teste.oporto-specialrentalbikes.pt\/en\/wp-json\/wp\/v2\/product_tag?post=2629"}],"curies":[{"name":"wp","href":"https:\/\/api.w.org\/{rel}","templated":true}]}}